{"id":1450,"date":"2026-01-20T12:21:20","date_gmt":"2026-01-20T12:21:20","guid":{"rendered":"https:\/\/bonuskongcasino.com\/bonus\/"},"modified":"2026-02-02T14:30:27","modified_gmt":"2026-02-02T14:30:27","slug":"bonus","status":"publish","type":"page","link":"https:\/\/tropi-sino.net\/nl\/bonus\/","title":{"rendered":"Bonus"},"content":{"rendered":"<h1>Tropisino Bonusaanbiedingen<\/h1>\n<p>Het Tropisino bonussysteem voegt meer spanning en waarde toe aan gameplay. Nieuwe klanten ontvangen een welkomstpakket ter waarde van \u20ac1.500 plus 250 gratis spins na aanmelding. Dit verdeelt zich over je eerste drie stortingen, wat speeltijd verlengt en je nieuwe slots laat testen met gratis spins. Daarna openen meer opties zich \u2013 cashback, rakeback, toernooien en andere promoties.<\/p>\n<p><div class=\"banner-wrap\" aria-label=\"Banner\"><img src=\"https:\/\/tropi-sino.net\/wp-content\/uploads\/2026\/02\/Tropisino-bnr-main-2.webp\" class=\"w-100 d-none d-lg-block img-pc main-banner-img\" alt=\"Tropisino bnr &#8211; main 2\" fetchpriority=\"high\" decoding=\"async\"><img src=\"https:\/\/tropi-sino.net\/wp-content\/uploads\/2026\/02\/Group-376258.webp\" class=\"w-100 d-none d-md-block d-lg-none main-banner-img\" alt=\"Group 376258\" fetchpriority=\"high\" decoding=\"async\"><img src=\"https:\/\/tropi-sino.net\/wp-content\/uploads\/2026\/02\/Group-376258.webp\" class=\"w-100 d-md-none\" alt=\"Group 376258\" fetchpriority=\"high\" decoding=\"async\"><div class=\"banner-description\">\n<div class=\"banner-title\">Welkomstbonussen<\/div>\n<p class=\"banner-header-title\">1500 \u20ac<\/p>\n<div class=\"banner-header-AdditionalText\">+ 250 Gratis Spins<\/div>\n<button data-item=\"homepage_banner_link\" class=\"goto m-button m-gradient-border m-button--primary m-button--large banner-button btn-orange\">\n            <div class=\"m-button-content\">\n                <span>Meld je nu aan<\/span>\n                <span><\/span>\n            <\/div>\n        <\/button>\n<\/div>\n<div class=\"WelcomePack\">\n<p><img loading=\"lazy\" decoding=\"async\" class=\"alignnone size-full wp-image-1874\" src=\"https:\/\/tropi-sino.net\/wp-content\/uploads\/2026\/02\/welcome-crown.png\" alt=\"welcome crown\" width=\"25\" height=\"26\" \/><\/p>\n<div class=\"WelcomePack-Info\">Wekelijkse cashback tot 25%<\/div>\n<p><img loading=\"lazy\" decoding=\"async\" class=\"alignnone size-full wp-image-1874\" src=\"https:\/\/tropi-sino.net\/wp-content\/uploads\/2026\/02\/welcome-crown.png\" alt=\"welcome crown\" width=\"25\" height=\"26\" \/><\/p>\n<\/div>\n<\/div><div class=\"promotions-wrap\"><div class=\"promotion-card\" style=\"background-image: url(https:\/\/tropi-sino.net\/wp-content\/uploads\/2026\/02\/5561339986274986870.webp);\"><h2 class=\"promotion-card__title\">Eerste stortingsbonus<\/h2><label class=\"promotion-card__offer\">100% tot \u20ac 500 + 150 gratis spins<\/label><label class=\"promotion-card__description\"><\/label><div class=\"promotion-card__actions\"><button data-item=\"payments_link\" data-group=\"website_links\" class=\"goto btn btn-orange rounded-pill fw-bold px-4 m-button m-gradient-border m-button--primary m-button--large promotion-button promotion-card__action-btn\" aria-label=\"Aanmelden\"><div class=\"m-button-content\"><span class=\"promotion-button__content\">Aanmelden<\/span><\/div><\/button><button data-item=\"http:\/\/bonus_link\" data-group=\"website_links\" class=\"goto m-button m-gradient-border m-button--secondary m-button--medium promotion-card__info-btn\" aria-label=\"More information\"><div class=\"m-button-content\"><svg viewBox=\"0 0 24 24\" fill=\"none\" xmlns=\"http:\/\/www.w3.org\/2000\/svg\" class=\"m-icon m-icon-loadable\" name=\"Attention\" loading=\"false\" aria-hidden=\"true\"><path d=\"M12 22C6.477 22 2 17.522 2 12S6.477 2 12 2s10 4.478 10 10-4.477 10-10 10m-.002-13.004a.999.999 0 1 0 0-1.997.999.999 0 0 0 0 1.997M12 17a1 1 0 0 0 .993-.884L13 16l-.002-5.001-.007-.117a1 1 0 0 0-1.986 0l-.007.117L11 16l.007.117A1 1 0 0 0 12 17\" fill=\"currentColor\"><\/path><\/svg><\/div><\/button><\/div><\/div><div class=\"promotion-card\" style=\"background-image: url(https:\/\/tropi-sino.net\/wp-content\/uploads\/2026\/02\/5561377062000678949.webp);\"><h2 class=\"promotion-card__title\">Tweede stortingsbonus<\/h2><label class=\"promotion-card__offer\">55% tot \u20ac 500 + 100 gratis spins<\/label><label class=\"promotion-card__description\"><\/label><div class=\"promotion-card__actions\"><button data-item=\"payments_link\" data-group=\"website_links\" class=\"goto btn btn-orange rounded-pill fw-bold px-4 m-button m-gradient-border m-button--primary m-button--large promotion-button promotion-card__action-btn\" aria-label=\"Aanmelden\"><div class=\"m-button-content\"><span class=\"promotion-button__content\">Aanmelden<\/span><\/div><\/button><button data-item=\"http:\/\/bonus_link\" data-group=\"website_links\" class=\"goto m-button m-gradient-border m-button--secondary m-button--medium promotion-card__info-btn\" aria-label=\"More information\"><div class=\"m-button-content\"><svg viewBox=\"0 0 24 24\" fill=\"none\" xmlns=\"http:\/\/www.w3.org\/2000\/svg\" class=\"m-icon m-icon-loadable\" name=\"Attention\" loading=\"false\" aria-hidden=\"true\"><path d=\"M12 22C6.477 22 2 17.522 2 12S6.477 2 12 2s10 4.478 10 10-4.477 10-10 10m-.002-13.004a.999.999 0 1 0 0-1.997.999.999 0 0 0 0 1.997M12 17a1 1 0 0 0 .993-.884L13 16l-.002-5.001-.007-.117a1 1 0 0 0-1.986 0l-.007.117L11 16l.007.117A1 1 0 0 0 12 17\" fill=\"currentColor\"><\/path><\/svg><\/div><\/button><\/div><\/div><div class=\"promotion-card\" style=\"background-image: url(https:\/\/tropi-sino.net\/wp-content\/uploads\/2026\/02\/5562602324215159223.webp);\"><h2 class=\"promotion-card__title\">Derde stortingsbonus<\/h2><label class=\"promotion-card__offer\">100% tot \u20ac 500<\/label><label class=\"promotion-card__description\"><\/label><div class=\"promotion-card__actions\"><button data-item=\"payments_link\" data-group=\"website_links\" class=\"goto btn btn-orange rounded-pill fw-bold px-4 m-button m-gradient-border m-button--primary m-button--large promotion-button promotion-card__action-btn\" aria-label=\"Aanmelden\"><div class=\"m-button-content\"><span class=\"promotion-button__content\">Aanmelden<\/span><\/div><\/button><button data-item=\"http:\/\/bonus_link\" data-group=\"website_links\" class=\"goto m-button m-gradient-border m-button--secondary m-button--medium promotion-card__info-btn\" aria-label=\"More information\"><div class=\"m-button-content\"><svg viewBox=\"0 0 24 24\" fill=\"none\" xmlns=\"http:\/\/www.w3.org\/2000\/svg\" class=\"m-icon m-icon-loadable\" name=\"Attention\" loading=\"false\" aria-hidden=\"true\"><path d=\"M12 22C6.477 22 2 17.522 2 12S6.477 2 12 2s10 4.478 10 10-4.477 10-10 10m-.002-13.004a.999.999 0 1 0 0-1.997.999.999 0 0 0 0 1.997M12 17a1 1 0 0 0 .993-.884L13 16l-.002-5.001-.007-.117a1 1 0 0 0-1.986 0l-.007.117L11 16l.007.117A1 1 0 0 0 12 17\" fill=\"currentColor\"><\/path><\/svg><\/div><\/button><\/div><\/div><div class=\"promotion-card\" style=\"background-image: url(https:\/\/tropi-sino.net\/wp-content\/uploads\/2026\/02\/5561681697373349139.webp);\"><h2 class=\"promotion-card__title\">Wekelijkse cashback<\/h2><label class=\"promotion-card__offer\">tot 25%<\/label><label class=\"promotion-card__description\"><\/label><div class=\"promotion-card__actions\"><button data-item=\"payments_link\" data-group=\"website_links\" class=\"goto btn btn-orange rounded-pill fw-bold px-4 m-button m-gradient-border m-button--primary m-button--large promotion-button promotion-card__action-btn\" aria-label=\"Aanmelden\"><div class=\"m-button-content\"><span class=\"promotion-button__content\">Aanmelden<\/span><\/div><\/button><button data-item=\"http:\/\/bonus_link\" data-group=\"website_links\" class=\"goto m-button m-gradient-border m-button--secondary m-button--medium promotion-card__info-btn\" aria-label=\"More information\"><div class=\"m-button-content\"><svg viewBox=\"0 0 24 24\" fill=\"none\" xmlns=\"http:\/\/www.w3.org\/2000\/svg\" class=\"m-icon m-icon-loadable\" name=\"Attention\" loading=\"false\" aria-hidden=\"true\"><path d=\"M12 22C6.477 22 2 17.522 2 12S6.477 2 12 2s10 4.478 10 10-4.477 10-10 10m-.002-13.004a.999.999 0 1 0 0-1.997.999.999 0 0 0 0 1.997M12 17a1 1 0 0 0 .993-.884L13 16l-.002-5.001-.007-.117a1 1 0 0 0-1.986 0l-.007.117L11 16l.007.117A1 1 0 0 0 12 17\" fill=\"currentColor\"><\/path><\/svg><\/div><\/button><\/div><\/div><div class=\"promotion-card\" style=\"background-image: url(https:\/\/tropi-sino.net\/wp-content\/uploads\/2026\/02\/5562096913291993472.webp);\"><h2 class=\"promotion-card__title\">Zondag herlaad<\/h2><label class=\"promotion-card__offer\">25% tot \u20ac 100<\/label><label class=\"promotion-card__description\"><\/label><div class=\"promotion-card__actions\"><button data-item=\"payments_link\" data-group=\"website_links\" class=\"goto btn btn-orange rounded-pill fw-bold px-4 m-button m-gradient-border m-button--primary m-button--large promotion-button promotion-card__action-btn\" aria-label=\"Aanmelden\"><div class=\"m-button-content\"><span class=\"promotion-button__content\">Aanmelden<\/span><\/div><\/button><button data-item=\"http:\/\/bonus_link\" data-group=\"website_links\" class=\"goto m-button m-gradient-border m-button--secondary m-button--medium promotion-card__info-btn\" aria-label=\"More information\"><div class=\"m-button-content\"><svg viewBox=\"0 0 24 24\" fill=\"none\" xmlns=\"http:\/\/www.w3.org\/2000\/svg\" class=\"m-icon m-icon-loadable\" name=\"Attention\" loading=\"false\" aria-hidden=\"true\"><path d=\"M12 22C6.477 22 2 17.522 2 12S6.477 2 12 2s10 4.478 10 10-4.477 10-10 10m-.002-13.004a.999.999 0 1 0 0-1.997.999.999 0 0 0 0 1.997M12 17a1 1 0 0 0 .993-.884L13 16l-.002-5.001-.007-.117a1 1 0 0 0-1.986 0l-.007.117L11 16l.007.117A1 1 0 0 0 12 17\" fill=\"currentColor\"><\/path><\/svg><\/div><\/button><\/div><\/div><div class=\"promotion-card\" style=\"background-image: url(https:\/\/tropi-sino.net\/wp-content\/uploads\/2026\/02\/5561729033548195606.webp);\"><h2 class=\"promotion-card__title\">Rakeback<\/h2><label class=\"promotion-card__offer\">tot 17%<\/label><label class=\"promotion-card__description\"><\/label><div class=\"promotion-card__actions\"><button data-item=\"payments_link\" data-group=\"website_links\" class=\"goto btn btn-orange rounded-pill fw-bold px-4 m-button m-gradient-border m-button--primary m-button--large promotion-button promotion-card__action-btn\" aria-label=\"Aanmelden\"><div class=\"m-button-content\"><span class=\"promotion-button__content\">Aanmelden<\/span><\/div><\/button><button data-item=\"http:\/\/bonus_link\" data-group=\"website_links\" class=\"goto m-button m-gradient-border m-button--secondary m-button--medium promotion-card__info-btn\" aria-label=\"More information\"><div class=\"m-button-content\"><svg viewBox=\"0 0 24 24\" fill=\"none\" xmlns=\"http:\/\/www.w3.org\/2000\/svg\" class=\"m-icon m-icon-loadable\" name=\"Attention\" loading=\"false\" aria-hidden=\"true\"><path d=\"M12 22C6.477 22 2 17.522 2 12S6.477 2 12 2s10 4.478 10 10-4.477 10-10 10m-.002-13.004a.999.999 0 1 0 0-1.997.999.999 0 0 0 0 1.997M12 17a1 1 0 0 0 .993-.884L13 16l-.002-5.001-.007-.117a1 1 0 0 0-1.986 0l-.007.117L11 16l.007.117A1 1 0 0 0 12 17\" fill=\"currentColor\"><\/path><\/svg><\/div><\/button><\/div><\/div><div class=\"promotion-card\" style=\"background-image: url(https:\/\/tropi-sino.net\/wp-content\/uploads\/2026\/02\/5561936315416180584.webp);\"><h2 class=\"promotion-card__title\">Highroller-bonus<\/h2><label class=\"promotion-card__offer\">50% tot \u20ac 500<\/label><label class=\"promotion-card__description\"><\/label><div class=\"promotion-card__actions\"><button data-item=\"payments_link\" data-group=\"website_links\" class=\"goto btn btn-orange rounded-pill fw-bold px-4 m-button m-gradient-border m-button--primary m-button--large promotion-button promotion-card__action-btn\" aria-label=\"Aanmelden\"><div class=\"m-button-content\"><span class=\"promotion-button__content\">Aanmelden<\/span><\/div><\/button><button data-item=\"http:\/\/bonus_link\" data-group=\"website_links\" class=\"goto m-button m-gradient-border m-button--secondary m-button--medium promotion-card__info-btn\" aria-label=\"More information\"><div class=\"m-button-content\"><svg viewBox=\"0 0 24 24\" fill=\"none\" xmlns=\"http:\/\/www.w3.org\/2000\/svg\" class=\"m-icon m-icon-loadable\" name=\"Attention\" loading=\"false\" aria-hidden=\"true\"><path d=\"M12 22C6.477 22 2 17.522 2 12S6.477 2 12 2s10 4.478 10 10-4.477 10-10 10m-.002-13.004a.999.999 0 1 0 0-1.997.999.999 0 0 0 0 1.997M12 17a1 1 0 0 0 .993-.884L13 16l-.002-5.001-.007-.117a1 1 0 0 0-1.986 0l-.007.117L11 16l.007.117A1 1 0 0 0 12 17\" fill=\"currentColor\"><\/path><\/svg><\/div><\/button><\/div><\/div><\/div><div class=\"scrollable-content-wrap my-5\"><div class=\"scrollable-content-inner\"><h2>Promoties<\/h2>\n<p>Mensen die een gokplatform kiezen, controleren meestal eerst het promosysteem. Tropisino ontwierp zijn bonusprogramma voor verschillende gebruikerstypes, met verschillende spellen en budgetten. De website biedt:<\/p>\n<ul>\n<li>Welkomstpakket ter waarde van \u20ac1.500 + 250 gratis spins verdeeld over je eerste drie stortingen<\/li>\n<li>Wekelijkse cashback tot 25% van verliezen<\/li>\n<li>Sunday reload van 25% tot \u20ac100 voor een sterke weekafsluiting<\/li>\n<li>Rakeback van 17% van je inzetten in bepaalde spellen<\/li>\n<li>Highroller bonus van 50% tot \u20ac500 voor grote gokkers<\/li>\n<li>VIP-programma voor actieve spelers met exclusieve bonussen, hogere cashbackpercentages, een persoonlijke supportmanager en meer<\/li>\n<\/ul>\n<h2>Tropisino Competitiebeloningen<\/h2>\n<p>Toernooien brengen het competitieve element naar Tropisino. Prijzenpotten bereiken duizenden en miljoenen euro&#8217;s. Je concurreert tegen andere spelers om beloningen te claimen en te ranken op het klassement. Toernooien dekken verschillende speltypes, hoewel slotmachines en live dealer secties de meeste hosten.<\/p>\n<table>\n<tbody>\n<tr>\n<td>Toernooi<\/td>\n<td>Prijzenpot<\/td>\n<td>Details<\/td>\n<\/tr>\n<tr>\n<td>Daily bronze tournament<\/td>\n<td>\u20ac2,500<\/td>\n<td>Speel geselecteerde populaire slots. Winsten leveren je punten op en topspelers verdelen de dagelijkse geldprijzen.<\/td>\n<\/tr>\n<tr>\n<td>Spinoleague<\/td>\n<td>\u20ac12,000,000<\/td>\n<td>Concurreer door Pragmatic Play slots te spelen \u2013 titels zoals Sweet Bonanza, Gates of Olympus en Big Bass Bonanza. Elke spin telt mee voor je klassementsvoortgang.<\/td>\n<\/tr>\n<tr>\n<td>BGaming Drops Frenzy<\/td>\n<td>starting at \u20ac660,000<\/td>\n<td>Een dynamische BGaming promotie waarbij willekeurige geldprijzen &#8220;droppen&#8221; tijdens het spelen van specifieke slots. Meer spelers die deelnemen verhoogt de prijzenpot.<\/td>\n<\/tr>\n<tr>\n<td>Live tournament<\/td>\n<td>\u20ac10,000<\/td>\n<td>Een wekelijks evenement voor live casino fans. Concurreer in realtime tegen andere spelers in live dealer spellen voor geldbeloningen.<\/td>\n<\/tr>\n<\/tbody>\n<\/table>\n<h2>Tropisino Casino Welkomstbonus Details<\/h2>\n<p>Tropisino Casino geeft alle nieuwe klanten automatisch een welkomstpakket ter waarde van \u20ac1.500 plus 250 gratis spins. Je hoeft alleen het registratieproces te voltooien. De Tropisino bonus voor nieuwe spelers cre\u00ebert een sterke start op het platform.<\/p>\n<p>Het welkomstpakket verdeelt zich over je eerste drie stortingen:<\/p>\n<ul>\n<li>Eerste stortingsbonus \u2013 100% tot \u20ac500 + 150 gratis spins<\/li>\n<li>Tweede stortingsbonus \u2013 55% tot \u20ac500 + 100 gratis spins<\/li>\n<li>Derde stortingsbonus \u2013 100% tot \u20ac500<\/li>\n<\/ul>\n<p>Net als andere promoties op de website, komt de Tropisino bonus voor nieuwe gebruikers met algemene voorwaarden. Je hebt 7 dagen om het te gebruiken na activering. Minimum storting staat op \u20ac20 voor alle drie de beloningen. Gratis spins komen aan over de komende dagen \u2013 50 gratis spins per dag. Deze Tropisino bonus vereist 35x inzet.<\/p>\n<h2>Bonusvoorwaarden<\/h2>\n<p>Elke Tropisino bonus heeft specifieke regels en voorwaarden. Lees de voorwaarden zelfs als je accounts hebt bij andere online casino&#8217;s \u2013 ze verschillen van site tot site. Hoewel voorwaarden vari\u00ebren, blijven sommige hoofdcategorie\u00ebn consistent.<\/p>\n<p>Alle Tropisino Casino aanbiedingen verlopen na een bepaalde periode \u2013 meestal 7-14 dagen. Promoties hebben een standaard inzetvereiste van x35. De meeste Tropisino aanbiedingen vereisen een minimum storting van \u20ac20.<\/p>\n<p>E\u00e9n belangrijke regel: je kunt niet meerdere actieve stortingsaanbiedingen tegelijk hebben. Gebruik er \u00e9\u00e9n volledig, verzamel de winsten en ga dan naar een andere promo. Toernooien volgen deze beperking niet.<\/p>\n<h2>FAQ<\/h2>\n<h3>Hoe Kan ik de Welkomstbonus Claimen bij Tropisino Casino?<\/h3>\n<p>Iedereen die zich registreert krijgt automatisch het welkomstpakket ter waarde van \u20ac1.500 plus 250 gratis spins. Geen promocodes nodig. Stortingen moeten minimaal \u20ac20 bereiken om de welkomstbonus te activeren.<\/p>\n<h3>Zijn er Inzetvereisten voor de Bonussen bij Tropisino Casino?<\/h3>\n<p>De meeste promoties bevatten een inzetvereiste. Controleer de bonusvoorwaarden voor details. De inzetvereiste staat meestal op x35.<\/p>\n<h3>Is er een Tijdslimiet om de Bonussen te Gebruiken bij Tropisino Casino?<\/h3>\n<p>Alle promoties hebben vervaldata om spanning toe te voegen rond het claimen van beloningen. Bonussen blijven meestal 7-14 dagen actief. De algemene voorwaarden van elke aanbieding bevatten specifieke tijdsinformatie.<\/p>\n<\/div><\/div><\/p>\n","protected":false},"excerpt":{"rendered":"<p>Tropisino Bonusaanbiedingen Het Tropisino bonussysteem voegt meer spanning en waarde toe aan gameplay. Nieuwe klanten ontvangen een welkomstpakket ter waarde van \u20ac1.500 plus 250 gratis spins na aanmelding. Dit verdeelt zich over je eerste drie stortingen, wat speeltijd verlengt en je nieuwe slots laat testen met gratis spins. Daarna openen meer opties zich \u2013 cashback, [&hellip;]<\/p>\n","protected":false},"author":1,"featured_media":0,"parent":0,"menu_order":0,"comment_status":"closed","ping_status":"closed","template":"template-builder.php","meta":{"_acf_changed":false,"inline_featured_image":false,"footnotes":""},"class_list":["post-1450","page","type-page","status-publish","hentry"],"acf":[],"yoast_head":"<!-- This site is optimized with the Yoast SEO plugin v27.3 - https:\/\/yoast.com\/product\/yoast-seo-wordpress\/ -->\n<title>Tropisino Casino Bonussen &amp; Speciale Aanbiedingen<\/title>\n<meta name=\"description\" content=\"Ontdek de bonusmogelijkheden bij Tropisino Casino, waaronder welkomstbonussen, stortingsbonussen, doorlopende promoties en spannende toernooien. Bekijk hier alle bonusvoorwaarden en instructies om je bonus te claimen.\" \/>\n<meta name=\"robots\" content=\"index, follow, max-snippet:-1, max-image-preview:large, max-video-preview:-1\" \/>\n<link rel=\"canonical\" href=\"https:\/\/tropi-sino.net\/nl\/bonus\/\" \/>\n<meta property=\"og:locale\" content=\"nl_NL\" \/>\n<meta property=\"og:type\" content=\"article\" \/>\n<meta property=\"og:title\" content=\"Tropisino Casino Bonussen &amp; Speciale Aanbiedingen\" \/>\n<meta property=\"og:description\" content=\"Ontdek de bonusmogelijkheden bij Tropisino Casino, waaronder welkomstbonussen, stortingsbonussen, doorlopende promoties en spannende toernooien. Bekijk hier alle bonusvoorwaarden en instructies om je bonus te claimen.\" \/>\n<meta property=\"og:url\" content=\"https:\/\/tropi-sino.net\/nl\/bonus\/\" \/>\n<meta property=\"og:site_name\" content=\"tropisino\" \/>\n<meta property=\"article:modified_time\" content=\"2026-02-02T14:30:27+00:00\" \/>\n<meta name=\"twitter:card\" content=\"summary_large_image\" \/>\n<meta name=\"twitter:label1\" content=\"Est. reading time\" \/>\n\t<meta name=\"twitter:data1\" content=\"1 minuut\" \/>\n<script type=\"application\/ld+json\" class=\"yoast-schema-graph\">{\"@context\":\"https:\\\/\\\/schema.org\",\"@graph\":[{\"@type\":\"WebPage\",\"@id\":\"https:\\\/\\\/tropi-sino.net\\\/nl\\\/bonus\\\/\",\"url\":\"https:\\\/\\\/tropi-sino.net\\\/nl\\\/bonus\\\/\",\"name\":\"Tropisino Casino Bonussen & Speciale Aanbiedingen\",\"isPartOf\":{\"@id\":\"https:\\\/\\\/tropi-sino.net\\\/nl\\\/#website\"},\"datePublished\":\"2026-01-20T12:21:20+00:00\",\"dateModified\":\"2026-02-02T14:30:27+00:00\",\"description\":\"Ontdek de bonusmogelijkheden bij Tropisino Casino, waaronder welkomstbonussen, stortingsbonussen, doorlopende promoties en spannende toernooien. Bekijk hier alle bonusvoorwaarden en instructies om je bonus te claimen.\",\"breadcrumb\":{\"@id\":\"https:\\\/\\\/tropi-sino.net\\\/nl\\\/bonus\\\/#breadcrumb\"},\"inLanguage\":\"nl-NL\",\"potentialAction\":[{\"@type\":\"ReadAction\",\"target\":[\"https:\\\/\\\/tropi-sino.net\\\/nl\\\/bonus\\\/\"]}]},{\"@type\":\"BreadcrumbList\",\"@id\":\"https:\\\/\\\/tropi-sino.net\\\/nl\\\/bonus\\\/#breadcrumb\",\"itemListElement\":[{\"@type\":\"ListItem\",\"position\":1,\"name\":\"Tropisino\",\"item\":\"https:\\\/\\\/tropi-sino.net\\\/nl\\\/\"},{\"@type\":\"ListItem\",\"position\":2,\"name\":\"Bonus\"}]},{\"@type\":\"WebSite\",\"@id\":\"https:\\\/\\\/tropi-sino.net\\\/nl\\\/#website\",\"url\":\"https:\\\/\\\/tropi-sino.net\\\/nl\\\/\",\"name\":\"Tropisino\",\"description\":\"\",\"publisher\":{\"@id\":\"https:\\\/\\\/tropi-sino.net\\\/nl\\\/#organization\"},\"potentialAction\":[{\"@type\":\"SearchAction\",\"target\":{\"@type\":\"EntryPoint\",\"urlTemplate\":\"https:\\\/\\\/tropi-sino.net\\\/nl\\\/?s={search_term_string}\"},\"query-input\":{\"@type\":\"PropertyValueSpecification\",\"valueRequired\":true,\"valueName\":\"search_term_string\"}}],\"inLanguage\":\"nl-NL\"},{\"@type\":\"Organization\",\"@id\":\"https:\\\/\\\/tropi-sino.net\\\/nl\\\/#organization\",\"name\":\"Tropisino\",\"url\":\"https:\\\/\\\/tropi-sino.net\\\/nl\\\/\",\"logo\":{\"@type\":\"ImageObject\",\"inLanguage\":\"nl-NL\",\"@id\":\"https:\\\/\\\/tropi-sino.net\\\/nl\\\/#\\\/schema\\\/logo\\\/image\\\/\",\"url\":\"https:\\\/\\\/tropi-sino.net\\\/wp-content\\\/uploads\\\/2026\\\/02\\\/Tropisino-logo.svg\",\"contentUrl\":\"https:\\\/\\\/tropi-sino.net\\\/wp-content\\\/uploads\\\/2026\\\/02\\\/Tropisino-logo.svg\",\"caption\":\"Tropisino\"},\"image\":{\"@id\":\"https:\\\/\\\/tropi-sino.net\\\/nl\\\/#\\\/schema\\\/logo\\\/image\\\/\"}}]}<\/script>\n<!-- \/ Yoast SEO plugin. -->","yoast_head_json":{"title":"Tropisino Casino Bonussen & Speciale Aanbiedingen","description":"Ontdek de bonusmogelijkheden bij Tropisino Casino, waaronder welkomstbonussen, stortingsbonussen, doorlopende promoties en spannende toernooien. Bekijk hier alle bonusvoorwaarden en instructies om je bonus te claimen.","robots":{"index":"index","follow":"follow","max-snippet":"max-snippet:-1","max-image-preview":"max-image-preview:large","max-video-preview":"max-video-preview:-1"},"canonical":"https:\/\/tropi-sino.net\/nl\/bonus\/","og_locale":"nl_NL","og_type":"article","og_title":"Tropisino Casino Bonussen & Speciale Aanbiedingen","og_description":"Ontdek de bonusmogelijkheden bij Tropisino Casino, waaronder welkomstbonussen, stortingsbonussen, doorlopende promoties en spannende toernooien. Bekijk hier alle bonusvoorwaarden en instructies om je bonus te claimen.","og_url":"https:\/\/tropi-sino.net\/nl\/bonus\/","og_site_name":"tropisino","article_modified_time":"2026-02-02T14:30:27+00:00","twitter_card":"summary_large_image","twitter_misc":{"Est. reading time":"1 minuut"},"schema":{"@context":"https:\/\/schema.org","@graph":[{"@type":"WebPage","@id":"https:\/\/tropi-sino.net\/nl\/bonus\/","url":"https:\/\/tropi-sino.net\/nl\/bonus\/","name":"Tropisino Casino Bonussen & Speciale Aanbiedingen","isPartOf":{"@id":"https:\/\/tropi-sino.net\/nl\/#website"},"datePublished":"2026-01-20T12:21:20+00:00","dateModified":"2026-02-02T14:30:27+00:00","description":"Ontdek de bonusmogelijkheden bij Tropisino Casino, waaronder welkomstbonussen, stortingsbonussen, doorlopende promoties en spannende toernooien. Bekijk hier alle bonusvoorwaarden en instructies om je bonus te claimen.","breadcrumb":{"@id":"https:\/\/tropi-sino.net\/nl\/bonus\/#breadcrumb"},"inLanguage":"nl-NL","potentialAction":[{"@type":"ReadAction","target":["https:\/\/tropi-sino.net\/nl\/bonus\/"]}]},{"@type":"BreadcrumbList","@id":"https:\/\/tropi-sino.net\/nl\/bonus\/#breadcrumb","itemListElement":[{"@type":"ListItem","position":1,"name":"Tropisino","item":"https:\/\/tropi-sino.net\/nl\/"},{"@type":"ListItem","position":2,"name":"Bonus"}]},{"@type":"WebSite","@id":"https:\/\/tropi-sino.net\/nl\/#website","url":"https:\/\/tropi-sino.net\/nl\/","name":"Tropisino","description":"","publisher":{"@id":"https:\/\/tropi-sino.net\/nl\/#organization"},"potentialAction":[{"@type":"SearchAction","target":{"@type":"EntryPoint","urlTemplate":"https:\/\/tropi-sino.net\/nl\/?s={search_term_string}"},"query-input":{"@type":"PropertyValueSpecification","valueRequired":true,"valueName":"search_term_string"}}],"inLanguage":"nl-NL"},{"@type":"Organization","@id":"https:\/\/tropi-sino.net\/nl\/#organization","name":"Tropisino","url":"https:\/\/tropi-sino.net\/nl\/","logo":{"@type":"ImageObject","inLanguage":"nl-NL","@id":"https:\/\/tropi-sino.net\/nl\/#\/schema\/logo\/image\/","url":"https:\/\/tropi-sino.net\/wp-content\/uploads\/2026\/02\/Tropisino-logo.svg","contentUrl":"https:\/\/tropi-sino.net\/wp-content\/uploads\/2026\/02\/Tropisino-logo.svg","caption":"Tropisino"},"image":{"@id":"https:\/\/tropi-sino.net\/nl\/#\/schema\/logo\/image\/"}}]}},"_links":{"self":[{"href":"https:\/\/tropi-sino.net\/nl\/wp-json\/wp\/v2\/pages\/1450","targetHints":{"allow":["GET"]}}],"collection":[{"href":"https:\/\/tropi-sino.net\/nl\/wp-json\/wp\/v2\/pages"}],"about":[{"href":"https:\/\/tropi-sino.net\/nl\/wp-json\/wp\/v2\/types\/page"}],"author":[{"embeddable":true,"href":"https:\/\/tropi-sino.net\/nl\/wp-json\/wp\/v2\/users\/1"}],"replies":[{"embeddable":true,"href":"https:\/\/tropi-sino.net\/nl\/wp-json\/wp\/v2\/comments?post=1450"}],"version-history":[{"count":4,"href":"https:\/\/tropi-sino.net\/nl\/wp-json\/wp\/v2\/pages\/1450\/revisions"}],"predecessor-version":[{"id":1911,"href":"https:\/\/tropi-sino.net\/nl\/wp-json\/wp\/v2\/pages\/1450\/revisions\/1911"}],"wp:attachment":[{"href":"https:\/\/tropi-sino.net\/nl\/wp-json\/wp\/v2\/media?parent=1450"}],"curies":[{"name":"wp","href":"https:\/\/api.w.org\/{rel}","templated":true}]}}